{"id":8980,"date":"2024-11-05T23:44:31","date_gmt":"2024-11-05T23:44:31","guid":{"rendered":"https:\/\/tcmigration.com\/services\/"},"modified":"2024-11-05T23:44:43","modified_gmt":"2024-11-05T23:44:43","slug":"services","status":"publish","type":"page","link":"https:\/\/tcmigration.com\/fr\/services\/","title":{"rendered":"Services"},"content":{"rendered":"\n\n  <div class=\"banner has-hover\" id=\"banner-671302126\">\n          <div class=\"banner-inner fill\">\n        <div class=\"banner-bg fill\" >\n                                                \n                    <\/div>\n\t\t\n        <div class=\"banner-layers container\">\n            <div class=\"fill banner-link\"><\/div>            \n\n   <div id=\"text-box-110812008\" class=\"text-box banner-layer show-for-small x50 md-x0 lg-x0 y80 md-y85 lg-y85 res-text\">\n                                <div class=\"text-box-content text dark\">\n              \n              <div class=\"text-inner text-center\">\n                  \n\n<h1 style=\"text-align: center;\"><span style=\"font-size: 55%;\">SERVICES D&rsquo;IMMIGRATION<\/span><\/h1>\n\n              <\/div>\n           <\/div>\n                            \n<style>\n#text-box-110812008 {\n  width: 78%;\n}\n#text-box-110812008 .text-box-content {\n  font-size: 100%;\n}\n@media (min-width:550px) {\n  #text-box-110812008 {\n    width: 60%;\n  }\n}\n<\/style>\n    <\/div>\n \n   <div id=\"text-box-432259301\" class=\"text-box banner-layer hide-for-small x0 md-x0 lg-x0 y95 md-y95 lg-y95 res-text\">\n                                <div class=\"text-box-content text dark\">\n              \n              <div class=\"text-inner text-center\">\n                  \n\n<h1 style=\"text-align: left;\"><span style=\"font-size: 45%;\">SERVICES D&rsquo;IMMIGRATION<\/span><\/h1>\n<p style=\"text-align: left;\">Nos services sont complets et nos connaissances sont sp\u00e9cialis\u00e9es, mais c&rsquo;est avant tout le temps que nous consacrons \u00e0 vous comprendre qui rehausse votre statut et nous permet d&rsquo;obtenir des r\u00e9sultats probants en mati\u00e8re d&rsquo;immigration.<\/p>\n\n              <\/div>\n           <\/div>\n                            \n<style>\n#text-box-432259301 {\n  width: 60%;\n}\n#text-box-432259301 .text-box-content {\n  font-size: 100%;\n}\n@media (min-width:550px) {\n  #text-box-432259301 {\n    width: 96%;\n  }\n}\n<\/style>\n    <\/div>\n \n\n        <\/div>\n      <\/div>\n\n            \n<style>\n#banner-671302126 {\n  padding-top: 200px;\n  background-color: rgb(0,0,0);\n}\n@media (min-width:550px) {\n  #banner-671302126 {\n    padding-top: 260px;\n  }\n}\n<\/style>\n  <\/div>\n\n\n\t<div id=\"gap-712149884\" class=\"gap-element clearfix\" style=\"display:block; height:auto;\">\n\t\t\n<style>\n#gap-712149884 {\n  padding-top: 50px;\n}\n<\/style>\n\t<\/div>\n\t\n\n<div class=\"row\"  id=\"row-399099275\">\n\n\n\t<div id=\"col-986867312\" class=\"col medium-4 small-12 large-4\"  >\n\t\t\t\t<div class=\"col-inner\"  >\n\t\t\t\n\t\t\t\n\n\t<div class=\"box has-hover   has-hover box-shadow-2 box-overlay dark box-text-bottom\" >\n\n\t\t<div class=\"box-image\" >\n\t\t\t\t\t\t<div class=\"image-glow\" >\n\t\t\t\t<img decoding=\"async\" width=\"2000\" height=\"1334\" data-src=\"https:\/\/tcmigration.com\/wp-content\/uploads\/2020\/06\/3.jpg\" class=\"attachment- size- lazyload\" alt=\"Immigrate to Canada\" data-srcset=\"https:\/\/tcmigration.com\/wp-content\/uploads\/2020\/06\/3.jpg 2000w, https:\/\/tcmigration.com\/wp-content\/uploads\/2020\/06\/3-300x200.jpg 300w, https:\/\/tcmigration.com\/wp-content\/uploads\/2020\/06\/3-1024x683.jpg 1024w, https:\/\/tcmigration.com\/wp-content\/uploads\/2020\/06\/3-768x512.jpg 768w, https:\/\/tcmigration.com\/wp-content\/uploads\/2020\/06\/3-1536x1025.jpg 1536w\" data-sizes=\"auto\" src=\"data:image\/svg+xml;base64,PHN2ZyB3aWR0aD0iMSIgaGVpZ2h0PSIxIiB4bWxucz0iaHR0cDovL3d3dy53My5vcmcvMjAwMC9zdmciPjwvc3ZnPg==\" style=\"--smush-placeholder-width: 2000px; --smush-placeholder-aspect-ratio: 2000\/1334;\" data-original-sizes=\"(max-width: 2000px) 100vw, 2000px\" \/>\t\t\t\t<div class=\"overlay\" style=\"background-color:rgba(0, 0, 0, 0.45)\"><\/div>\t\t\t\t\t\t\t<\/div>\n\t\t\t\t\t<\/div>\n\n\t\t<div class=\"box-text text-center\" >\n\t\t\t<div class=\"box-text-inner\">\n\t\t\t\t\n\n<h4>Immigrer au Canada<\/h4>\n<a href=\"https:\/\/tcmigration.com\/services\/immigration-to-canada\/\" class=\"button white is-xxsmall\" >\n\t\t<span>En savoir plus<\/span>\n\t<\/a>\n\n\n\n\t\t\t<\/div>\n\t\t<\/div>\n\t<\/div>\n\t\n\n\t\t<\/div>\n\t\t\t\t\t<\/div>\n\n\t\n\n\t<div id=\"col-777124316\" class=\"col medium-4 small-12 large-4\"  >\n\t\t\t\t<div class=\"col-inner\"  >\n\t\t\t\n\t\t\t\n\n\t<div class=\"box has-hover   has-hover box-shadow-2 box-overlay dark box-text-bottom\" >\n\n\t\t<div class=\"box-image\" >\n\t\t\t\t\t\t<div class=\"image-glow\" >\n\t\t\t\t<img decoding=\"async\" width=\"2000\" height=\"1334\" data-src=\"https:\/\/tcmigration.com\/wp-content\/uploads\/2020\/06\/4.jpg\" class=\"attachment- size- lazyload\" alt=\"Canadian Citizenship\" data-srcset=\"https:\/\/tcmigration.com\/wp-content\/uploads\/2020\/06\/4.jpg 2000w, https:\/\/tcmigration.com\/wp-content\/uploads\/2020\/06\/4-300x200.jpg 300w, https:\/\/tcmigration.com\/wp-content\/uploads\/2020\/06\/4-1024x683.jpg 1024w, https:\/\/tcmigration.com\/wp-content\/uploads\/2020\/06\/4-768x512.jpg 768w, https:\/\/tcmigration.com\/wp-content\/uploads\/2020\/06\/4-1536x1025.jpg 1536w\" data-sizes=\"auto\" src=\"data:image\/svg+xml;base64,PHN2ZyB3aWR0aD0iMSIgaGVpZ2h0PSIxIiB4bWxucz0iaHR0cDovL3d3dy53My5vcmcvMjAwMC9zdmciPjwvc3ZnPg==\" style=\"--smush-placeholder-width: 2000px; --smush-placeholder-aspect-ratio: 2000\/1334;\" data-original-sizes=\"(max-width: 2000px) 100vw, 2000px\" \/>\t\t\t\t<div class=\"overlay\" style=\"background-color:rgba(0, 0, 0, 0.45)\"><\/div>\t\t\t\t\t\t\t<\/div>\n\t\t\t\t\t<\/div>\n\n\t\t<div class=\"box-text text-center\" >\n\t\t\t<div class=\"box-text-inner\">\n\t\t\t\t\n\n<h4>Citoyennet\u00e9 canadienne<\/h4>\n<a href=\"https:\/\/tcmigration.com\/services\/canadian-citizenship\/\" class=\"button white is-xxsmall\" >\n\t\t<span>En savoir plus<\/span>\n\t<\/a>\n\n\n\n\t\t\t<\/div>\n\t\t<\/div>\n\t<\/div>\n\t\n\n\t\t<\/div>\n\t\t\t\t\t<\/div>\n\n\t\n\n\t<div id=\"col-835803913\" class=\"col medium-4 small-12 large-4\"  >\n\t\t\t\t<div class=\"col-inner\"  >\n\t\t\t\n\t\t\t\n\n\t<div class=\"box has-hover   has-hover box-shadow-2 box-overlay dark box-text-bottom\" >\n\n\t\t<div class=\"box-image\" >\n\t\t\t\t\t\t<div class=\"image-glow\" >\n\t\t\t\t<img decoding=\"async\" width=\"2000\" height=\"1334\" data-src=\"https:\/\/tcmigration.com\/wp-content\/uploads\/2020\/06\/5.jpg\" class=\"attachment- size- lazyload\" alt=\"Immigration to USA\" data-srcset=\"https:\/\/tcmigration.com\/wp-content\/uploads\/2020\/06\/5.jpg 2000w, https:\/\/tcmigration.com\/wp-content\/uploads\/2020\/06\/5-300x200.jpg 300w, https:\/\/tcmigration.com\/wp-content\/uploads\/2020\/06\/5-1024x683.jpg 1024w, https:\/\/tcmigration.com\/wp-content\/uploads\/2020\/06\/5-768x512.jpg 768w, https:\/\/tcmigration.com\/wp-content\/uploads\/2020\/06\/5-1536x1025.jpg 1536w\" data-sizes=\"auto\" src=\"data:image\/svg+xml;base64,PHN2ZyB3aWR0aD0iMSIgaGVpZ2h0PSIxIiB4bWxucz0iaHR0cDovL3d3dy53My5vcmcvMjAwMC9zdmciPjwvc3ZnPg==\" style=\"--smush-placeholder-width: 2000px; --smush-placeholder-aspect-ratio: 2000\/1334;\" data-original-sizes=\"(max-width: 2000px) 100vw, 2000px\" \/>\t\t\t\t<div class=\"overlay\" style=\"background-color:rgba(0, 0, 0, 0.45)\"><\/div>\t\t\t\t\t\t\t<\/div>\n\t\t\t\t\t<\/div>\n\n\t\t<div class=\"box-text text-center\" >\n\t\t\t<div class=\"box-text-inner\">\n\t\t\t\t\n\n<h4>Immigration aux \u00c9tats-Unis<\/h4>\n<a href=\"https:\/\/tcmigration.com\/services\/immigration-to-usa\/\" class=\"button white is-xxsmall\" >\n\t\t<span>En savoir plus<\/span>\n\t<\/a>\n\n\n\n\t\t\t<\/div>\n\t\t<\/div>\n\t<\/div>\n\t\n\n\t\t<\/div>\n\t\t\t\t\t<\/div>\n\n\t\n\n<\/div>\n<div class=\"row\"  id=\"row-1350793965\">\n\n\n\t<div id=\"col-320332221\" class=\"col medium-4 small-12 large-4\"  >\n\t\t\t\t<div class=\"col-inner\"  >\n\t\t\t\n\t\t\t\n\n\t<div class=\"box has-hover   has-hover box-shadow-2 box-overlay dark box-text-bottom\" >\n\n\t\t<div class=\"box-image\" >\n\t\t\t\t\t\t<div class=\"image-glow\" >\n\t\t\t\t<img decoding=\"async\" width=\"2000\" height=\"1334\" data-src=\"https:\/\/tcmigration.com\/wp-content\/uploads\/2020\/06\/6.jpg\" class=\"attachment- size- lazyload\" alt=\"Diplomats and Foreign Representatives\" data-srcset=\"https:\/\/tcmigration.com\/wp-content\/uploads\/2020\/06\/6.jpg 2000w, https:\/\/tcmigration.com\/wp-content\/uploads\/2020\/06\/6-300x200.jpg 300w, https:\/\/tcmigration.com\/wp-content\/uploads\/2020\/06\/6-1024x683.jpg 1024w, https:\/\/tcmigration.com\/wp-content\/uploads\/2020\/06\/6-768x512.jpg 768w, https:\/\/tcmigration.com\/wp-content\/uploads\/2020\/06\/6-1536x1025.jpg 1536w\" data-sizes=\"auto\" src=\"data:image\/svg+xml;base64,PHN2ZyB3aWR0aD0iMSIgaGVpZ2h0PSIxIiB4bWxucz0iaHR0cDovL3d3dy53My5vcmcvMjAwMC9zdmciPjwvc3ZnPg==\" style=\"--smush-placeholder-width: 2000px; --smush-placeholder-aspect-ratio: 2000\/1334;\" data-original-sizes=\"(max-width: 2000px) 100vw, 2000px\" \/>\t\t\t\t<div class=\"overlay\" style=\"background-color:rgba(0, 0, 0, 0.45)\"><\/div>\t\t\t\t\t\t\t<\/div>\n\t\t\t\t\t<\/div>\n\n\t\t<div class=\"box-text text-center\" >\n\t\t\t<div class=\"box-text-inner\">\n\t\t\t\t\n\n<h4>Diplomates et repr\u00e9sentants \u00e9trangers<\/h4>\n<a href=\"https:\/\/tcmigration.com\/services\/diplomats-foreign-representatives\/\" class=\"button white is-xxsmall\" >\n\t\t<span>En savoir plus<\/span>\n\t<\/a>\n\n\n\n\t\t\t<\/div>\n\t\t<\/div>\n\t<\/div>\n\t\n\n\t\t<\/div>\n\t\t\t\t\t<\/div>\n\n\t\n\n\t<div id=\"col-1384564560\" class=\"col medium-4 small-12 large-4\"  >\n\t\t\t\t<div class=\"col-inner\"  >\n\t\t\t\n\t\t\t\n\n\t<div class=\"box has-hover   has-hover box-shadow-2 box-overlay dark box-text-bottom\" >\n\n\t\t<div class=\"box-image\" >\n\t\t\t\t\t\t<div class=\"image-glow\" >\n\t\t\t\t<img decoding=\"async\" width=\"2000\" height=\"1334\" data-src=\"https:\/\/tcmigration.com\/wp-content\/uploads\/2020\/06\/7.jpg\" class=\"attachment- size- lazyload\" alt=\"I&#039;m in trouble\" data-srcset=\"https:\/\/tcmigration.com\/wp-content\/uploads\/2020\/06\/7.jpg 2000w, https:\/\/tcmigration.com\/wp-content\/uploads\/2020\/06\/7-300x200.jpg 300w, https:\/\/tcmigration.com\/wp-content\/uploads\/2020\/06\/7-1024x683.jpg 1024w, https:\/\/tcmigration.com\/wp-content\/uploads\/2020\/06\/7-768x512.jpg 768w, https:\/\/tcmigration.com\/wp-content\/uploads\/2020\/06\/7-1536x1025.jpg 1536w\" data-sizes=\"auto\" src=\"data:image\/svg+xml;base64,PHN2ZyB3aWR0aD0iMSIgaGVpZ2h0PSIxIiB4bWxucz0iaHR0cDovL3d3dy53My5vcmcvMjAwMC9zdmciPjwvc3ZnPg==\" style=\"--smush-placeholder-width: 2000px; --smush-placeholder-aspect-ratio: 2000\/1334;\" data-original-sizes=\"(max-width: 2000px) 100vw, 2000px\" \/>\t\t\t\t<div class=\"overlay\" style=\"background-color:rgba(0, 0, 0, 0.45)\"><\/div>\t\t\t\t\t\t\t<\/div>\n\t\t\t\t\t<\/div>\n\n\t\t<div class=\"box-text text-center\" >\n\t\t\t<div class=\"box-text-inner\">\n\t\t\t\t\n\n<h4>Je suis dans le p\u00e9trin<\/h4>\n<a href=\"https:\/\/tcmigration.com\/services\/in-trouble\/\" class=\"button white is-xxsmall\" >\n\t\t<span>En savoir plus<\/span>\n\t<\/a>\n\n\n\n\t\t\t<\/div>\n\t\t<\/div>\n\t<\/div>\n\t\n\n\t\t<\/div>\n\t\t\t\t\t<\/div>\n\n\t\n\n\t<div id=\"col-160726934\" class=\"col medium-4 small-12 large-4\"  >\n\t\t\t\t<div class=\"col-inner\"  >\n\t\t\t\n\t\t\t\n\n\t<div class=\"box has-hover   has-hover box-shadow-2 box-overlay dark box-text-bottom\" >\n\n\t\t<div class=\"box-image\" >\n\t\t\t\t\t\t<div class=\"image-glow\" >\n\t\t\t\t<img decoding=\"async\" width=\"2000\" height=\"1334\" data-src=\"https:\/\/tcmigration.com\/wp-content\/uploads\/2020\/06\/Newcomer_Orientation.jpg\" class=\"attachment- size- lazyload\" alt=\"Newcomer Orientation\" data-srcset=\"https:\/\/tcmigration.com\/wp-content\/uploads\/2020\/06\/Newcomer_Orientation.jpg 2000w, https:\/\/tcmigration.com\/wp-content\/uploads\/2020\/06\/Newcomer_Orientation-300x200.jpg 300w, https:\/\/tcmigration.com\/wp-content\/uploads\/2020\/06\/Newcomer_Orientation-1024x683.jpg 1024w, https:\/\/tcmigration.com\/wp-content\/uploads\/2020\/06\/Newcomer_Orientation-768x512.jpg 768w, https:\/\/tcmigration.com\/wp-content\/uploads\/2020\/06\/Newcomer_Orientation-1536x1025.jpg 1536w\" data-sizes=\"auto\" src=\"data:image\/svg+xml;base64,PHN2ZyB3aWR0aD0iMSIgaGVpZ2h0PSIxIiB4bWxucz0iaHR0cDovL3d3dy53My5vcmcvMjAwMC9zdmciPjwvc3ZnPg==\" style=\"--smush-placeholder-width: 2000px; --smush-placeholder-aspect-ratio: 2000\/1334;\" data-original-sizes=\"(max-width: 2000px) 100vw, 2000px\" \/>\t\t\t\t<div class=\"overlay\" style=\"background-color:rgba(0, 0, 0, 0.45)\"><\/div>\t\t\t\t\t\t\t<\/div>\n\t\t\t\t\t<\/div>\n\n\t\t<div class=\"box-text text-center\" >\n\t\t\t<div class=\"box-text-inner\">\n\t\t\t\t\n\n<h4>Orientation des nouveaux arrivants<\/h4>\n<a href=\"https:\/\/tcmigration.com\/services\/newcomer-orientation\/\" class=\"button white is-xxsmall\" >\n\t\t<span>En savoir plus<\/span>\n\t<\/a>\n\n\n\n\t\t\t<\/div>\n\t\t<\/div>\n\t<\/div>\n\t\n\n\t\t<\/div>\n\t\t\t\t\t<\/div>\n\n\t\n\n<\/div>\n\t<div id=\"gap-1368582724\" class=\"gap-element clearfix\" style=\"display:block; height:auto;\">\n\t\t\n<style>\n#gap-1368582724 {\n  padding-top: 75px;\n}\n<\/style>\n\t<\/div>\n\t\n\n\n","protected":false},"excerpt":{"rendered":"","protected":false},"author":1,"featured_media":0,"parent":0,"menu_order":0,"comment_status":"closed","ping_status":"closed","template":"page-transparent-header.php","meta":{"footnotes":""},"class_list":["post-8980","page","type-page","status-publish","hentry"],"_links":{"self":[{"href":"https:\/\/tcmigration.com\/fr\/wp-json\/wp\/v2\/pages\/8980","targetHints":{"allow":["GET"]}}],"collection":[{"href":"https:\/\/tcmigration.com\/fr\/wp-json\/wp\/v2\/pages"}],"about":[{"href":"https:\/\/tcmigration.com\/fr\/wp-json\/wp\/v2\/types\/page"}],"author":[{"embeddable":true,"href":"https:\/\/tcmigration.com\/fr\/wp-json\/wp\/v2\/users\/1"}],"replies":[{"embeddable":true,"href":"https:\/\/tcmigration.com\/fr\/wp-json\/wp\/v2\/comments?post=8980"}],"version-history":[{"count":0,"href":"https:\/\/tcmigration.com\/fr\/wp-json\/wp\/v2\/pages\/8980\/revisions"}],"wp:attachment":[{"href":"https:\/\/tcmigration.com\/fr\/wp-json\/wp\/v2\/media?parent=8980"}],"curies":[{"name":"wp","href":"https:\/\/api.w.org\/{rel}","templated":true}]}}