{"id":8991,"date":"2024-11-05T23:44:43","date_gmt":"2024-11-05T23:44:43","guid":{"rendered":"https:\/\/tcmigration.com\/services\/immigration-au-canada\/"},"modified":"2024-11-06T14:04:22","modified_gmt":"2024-11-06T14:04:22","slug":"immigration-au-canada","status":"publish","type":"page","link":"https:\/\/tcmigration.com\/fr\/services\/immigration-au-canada\/","title":{"rendered":"Immigration au Canada"},"content":{"rendered":"\n\n  <div class=\"banner has-hover\" id=\"banner-570051469\">\n          <div class=\"banner-inner fill\">\n        <div class=\"banner-bg fill\" >\n                                                \n                    <\/div>\n\t\t\n        <div class=\"banner-layers container\">\n            <div class=\"fill banner-link\"><\/div>            \n\n   <div id=\"text-box-1782828004\" class=\"text-box banner-layer x95 md-x0 lg-x0 y85 md-y85 lg-y85 res-text\">\n                                <div class=\"text-box-content text dark\">\n              \n              <div class=\"text-inner text-center\">\n                  \n\n<h1 class=\"uppercase\" style=\"text-align: left;\"><span style=\"font-size: 45%;\">Immigration au Canada<\/span><\/h1>\n<p style=\"text-align: left;\">Il existe plusieurs fa\u00e7ons de demander l&rsquo;admission au Canada, et nous voulons vous aider \u00e0 y parvenir.<\/p>\n\n              <\/div>\n           <\/div>\n                            \n<style>\n#text-box-1782828004 {\n  width: 84%;\n}\n#text-box-1782828004 .text-box-content {\n  font-size: 100%;\n}\n@media (min-width:550px) {\n  #text-box-1782828004 {\n    width: 69%;\n  }\n}\n<\/style>\n    <\/div>\n \n\n        <\/div>\n      <\/div>\n\n            \n<style>\n#banner-570051469 {\n  padding-top: 250px;\n  background-color: rgb(0,0,0);\n}\n@media (min-width:550px) {\n  #banner-570051469 {\n    padding-top: 260px;\n  }\n}\n<\/style>\n  <\/div>\n\n\n\t<div id=\"gap-398914066\" class=\"gap-element clearfix\" style=\"display:block; height:auto;\">\n\t\t\n<style>\n#gap-398914066 {\n  padding-top: 50px;\n}\n<\/style>\n\t<\/div>\n\t\n\n<div class=\"row\"  id=\"row-1144565734\">\n\n\n\t<div id=\"col-91827138\" class=\"col medium-4 small-12 large-4 col-divided\"  >\n\t\t\t\t<div class=\"col-inner text-left\"  >\n\t\t\t\n\t\t\t\n\n<div class=\"nav-wrapper\"><ul class=\"nav nav-uppercase nav-vertical nav-simple text-left nav-left\"><p class=\"lead shortcode-error text-center\">Sorry, no pages was found<\/p><\/ul><\/div>\n\n\t<div id=\"gap-1975358474\" class=\"gap-element clearfix\" style=\"display:block; height:auto;\">\n\t\t\n<style>\n#gap-1975358474 {\n  padding-top: 30px;\n}\n<\/style>\n\t<\/div>\n\t\n\n<a data-animate=\"bounceInUp\" href=\"https:\/\/tcmigration.com\/fr\/reservez-votre-consultation\/#detailed\" class=\"button primary is-smaller lowercase\" style=\"border-radius:4px;padding:10px 20px 10px 20px;\">\n\t\t<span>R\u00e9servez votre consultation<\/span>\n\t<\/a>\n\n\n\n\t\t<\/div>\n\t\t\t\t\t<\/div>\n\n\t\n\n\t<div id=\"col-1085839615\" class=\"col medium-8 small-12 large-8\"  >\n\t\t\t\t<div class=\"col-inner\"  >\n\t\t\t\n\t\t\t\n\n\t<div class=\"img has-hover x md-x lg-x y md-y lg-y\" id=\"image_1131889411\">\n\t\t\t\t\t\t\t\t<div class=\"img-inner dark\" >\n\t\t\t<img decoding=\"async\" width=\"1020\" height=\"680\" data-src=\"https:\/\/tcmigration.com\/wp-content\/uploads\/2020\/06\/3-1024x683.jpg\" class=\"attachment-large size-large lazyload\" alt=\"Immigrate to Canada\" data-srcset=\"https:\/\/tcmigration.com\/wp-content\/uploads\/2020\/06\/3-1024x683.jpg 1024w, https:\/\/tcmigration.com\/wp-content\/uploads\/2020\/06\/3-300x200.jpg 300w, https:\/\/tcmigration.com\/wp-content\/uploads\/2020\/06\/3-768x512.jpg 768w, https:\/\/tcmigration.com\/wp-content\/uploads\/2020\/06\/3-1536x1025.jpg 1536w, https:\/\/tcmigration.com\/wp-content\/uploads\/2020\/06\/3.jpg 2000w\" data-sizes=\"auto\" src=\"data:image\/svg+xml;base64,PHN2ZyB3aWR0aD0iMSIgaGVpZ2h0PSIxIiB4bWxucz0iaHR0cDovL3d3dy53My5vcmcvMjAwMC9zdmciPjwvc3ZnPg==\" style=\"--smush-placeholder-width: 1020px; --smush-placeholder-aspect-ratio: 1020\/680;\" data-original-sizes=\"(max-width: 1020px) 100vw, 1020px\" \/>\t\t\t\t\t\t\n\t\t\t\t\t<\/div>\n\t\t\t\t\t\t\t\t\n<style>\n#image_1131889411 {\n  width: 100%;\n}\n<\/style>\n\t<\/div>\n\t\n\n<h2>D\u00e9m\u00e9nager d\u00e9finitivement au Canada<\/h2>\n<p>Les changements constants apport\u00e9s aux lois, politiques, programmes et proc\u00e9dures en mati\u00e8re d&rsquo;immigration peuvent intimider les candidats potentiels. Soyez assur\u00e9 qu&rsquo;une grande partie de notre travail consiste \u00e0 \u00eatre au courant des informations les plus r\u00e9centes. Agissant en tant qu&rsquo;agent de liaison entre vous et l&rsquo;agence gouvernementale appropri\u00e9e, nous assumons la responsabilit\u00e9 de transmettre les bonnes informations aux bons endroits. Si vous avez des questions, nous serons disponibles et nous aurons vos r\u00e9ponses.   <\/p>\n<p class=\"lead\">Il existe plusieurs fa\u00e7ons de demander l&rsquo;admission au Canada, et nous voulons vous aider \u00e0 y parvenir.<\/p>\n<h2>Services aux immigrants<\/h2>\n<ul>\n<li>Candidats travailleurs qualifi\u00e9s<\/li>\n<li>Programme f\u00e9d\u00e9ral pour les travailleurs qualifi\u00e9s (Entr\u00e9e express)<\/li>\n<li>Classe de l&rsquo;exp\u00e9rience canadienne (Entr\u00e9e express)<\/li>\n<li>Programme f\u00e9d\u00e9ral d&rsquo;\u00e9changes de travailleurs qualifi\u00e9s (Entr\u00e9e express) Programmes de candidats des provinces<\/li>\n<li>\u00c9valuations de l&rsquo;impact sur le march\u00e9 du travail (EIMT)<\/li>\n<li>Programmes r\u00e9gionaux d&rsquo;immigration<\/li>\n<li>Programmes f\u00e9d\u00e9raux et provinciaux pour les entreprises<\/li>\n<li>Prolongation de la carte de r\u00e9sident permanent<\/li>\n<li>Parrainage au titre de la cat\u00e9gorie familiale (\u00e9poux et conjoints de fait, y compris les partenaires de m\u00eame sexe et les relations conjugales)<\/li>\n<li>Programmes sp\u00e9ciaux menant \u00e0 la r\u00e9sidence permanente (y compris la cat\u00e9gorie des titulaires de permis)<\/li>\n<li>Consid\u00e9rations humanitaires et compassionnelles<\/li>\n<\/ul>\n<h2>Services aux non-immigrants<\/h2>\n<ul>\n<li>Autorisation \u00e9lectronique de voyage e-TA<\/li>\n<li>Visa de r\u00e9sident temporaire<\/li>\n<li>Super Visas<\/li>\n<li>Permis d&rsquo;\u00e9tudes et prolongations<\/li>\n<li>\u00c9tudier sans permis d&rsquo;\u00e9tudes<\/li>\n<li>Extension du statut de visiteur<\/li>\n<li>Permis de s\u00e9jour temporaire<\/li>\n<li>Permis de travail et prolongations<\/li>\n<li>Autorisation de travailler sans permis de travail<\/li>\n<li>\u00c9valuations de l&rsquo;impact sur le march\u00e9 du travail (EIMT)<\/li>\n<li>Exemption de permis de travail LMIA<\/li>\n<li>Consid\u00e9rations humanitaires et compassionnelles<\/li>\n<\/ul>\n<p>Pour plus d&rsquo;informations sur les services d&rsquo;immigration au Canada, <a href=\"https:\/\/tcmigration.com\/fr\/centre-dopinion\/\">cliquez ici pour acc\u00e9der \u00e0 notre centre d&rsquo;opinion.<\/a><\/p>\n\n\t\t<\/div>\n\t\t\t\t\t<\/div>\n\n\t\n\n<\/div>\n\t<div id=\"gap-1018806090\" class=\"gap-element clearfix\" style=\"display:block; height:auto;\">\n\t\t\n<style>\n#gap-1018806090 {\n  padding-top: 75px;\n}\n<\/style>\n\t<\/div>\n\t\n\n\n","protected":false},"excerpt":{"rendered":"","protected":false},"author":1,"featured_media":0,"parent":8980,"menu_order":0,"comment_status":"closed","ping_status":"closed","template":"page-transparent-header.php","meta":{"footnotes":""},"class_list":["post-8991","page","type-page","status-publish","hentry"],"_links":{"self":[{"href":"https:\/\/tcmigration.com\/fr\/wp-json\/wp\/v2\/pages\/8991","targetHints":{"allow":["GET"]}}],"collection":[{"href":"https:\/\/tcmigration.com\/fr\/wp-json\/wp\/v2\/pages"}],"about":[{"href":"https:\/\/tcmigration.com\/fr\/wp-json\/wp\/v2\/types\/page"}],"author":[{"embeddable":true,"href":"https:\/\/tcmigration.com\/fr\/wp-json\/wp\/v2\/users\/1"}],"replies":[{"embeddable":true,"href":"https:\/\/tcmigration.com\/fr\/wp-json\/wp\/v2\/comments?post=8991"}],"version-history":[{"count":0,"href":"https:\/\/tcmigration.com\/fr\/wp-json\/wp\/v2\/pages\/8991\/revisions"}],"up":[{"embeddable":true,"href":"https:\/\/tcmigration.com\/fr\/wp-json\/wp\/v2\/pages\/8980"}],"wp:attachment":[{"href":"https:\/\/tcmigration.com\/fr\/wp-json\/wp\/v2\/media?parent=8991"}],"curies":[{"name":"wp","href":"https:\/\/api.w.org\/{rel}","templated":true}]}}