{"id":8996,"date":"2024-11-05T23:45:14","date_gmt":"2024-11-05T23:45:14","guid":{"rendered":"https:\/\/tcmigration.com\/politique-de-confidentialite\/"},"modified":"2024-11-05T23:45:34","modified_gmt":"2024-11-05T23:45:34","slug":"politique-de-confidentialite","status":"publish","type":"page","link":"https:\/\/tcmigration.com\/fr\/politique-de-confidentialite\/","title":{"rendered":"Politique de confidentialit\u00e9"},"content":{"rendered":"\n<div class=\"row\"  id=\"row-601302519\">\n\n\n\t<div id=\"col-2059105147\" class=\"col small-12 large-12\"  >\n\t\t\t\t<div class=\"col-inner\"  >\n\t\t\t\n\t\t\t\n\n\t<div id=\"gap-1960422729\" class=\"gap-element clearfix\" style=\"display:block; height:auto;\">\n\t\t\n<style>\n#gap-1960422729 {\n  padding-top: 60px;\n}\n<\/style>\n\t<\/div>\n\t\n\n<h1><span style=\"font-size: 130%;\">Politique de confidentialit\u00e9<\/span><\/h1>\n<h2>NOUS NOUS SOUCIONS DE VOTRE VIE PRIV\u00c9E<\/h2>\n<p>L&rsquo;adresse de notre site Web https:\/\/tcmigration.com est exploit\u00e9e par \u00ab\u00a0Trans-Continental Migration Inc.\u00a0\u00bb, une soci\u00e9t\u00e9 canadienne juridiquement contraignante, propri\u00e9taire du domaine www.tcmigration.com, du site Web et de ses filiales. Dans l&rsquo;ensemble du site, les termes \u00ab\u00a0nous\u00a0\u00bb, \u00ab\u00a0notre\u00a0\u00bb et \u00ab\u00a0nos\u00a0\u00bb font r\u00e9f\u00e9rence \u00e0 \u00ab\u00a0Trans-Continental Migration Inc. <\/p>\n<p><strong>Quelles sont les informations que nous recueillons ?<\/strong><br\/>Nous recueillons des informations lorsque vous vous inscrivez sur notre site, passez une commande, vous abonnez \u00e0 notre bulletin d&rsquo;information, r\u00e9pondez \u00e0 une enqu\u00eate ou remplissez un formulaire.<br\/>Lorsque vous passez une commande ou que vous vous inscrivez sur notre site, selon le cas, il peut vous \u00eatre demand\u00e9 de saisir : votre nom, votre adresse \u00e9lectronique, votre adresse postale, votre num\u00e9ro de t\u00e9l\u00e9phone et\/ou les informations relatives \u00e0 votre carte de cr\u00e9dit. Vous pouvez toutefois visiter notre site de mani\u00e8re anonyme. <\/p>\n<p><strong>\u00c0 quelles fins utilisons-nous vos informations ?<\/strong><br\/>Les informations que nous recueillons aupr\u00e8s de vous peuvent \u00eatre utilis\u00e9es de l&rsquo;une des mani\u00e8res suivantes :<\/p>\n<ul>\n<li>Pour personnaliser votre exp\u00e9rience<br\/>Vos informations nous aident \u00e0 mieux r\u00e9pondre \u00e0 vos besoins individuels.<\/li>\n<li>Am\u00e9liorer notre site web<br\/>Nous nous effor\u00e7ons en permanence d&rsquo;am\u00e9liorer notre site web sur la base des informations et des commentaires que vous nous communiquez.<\/li>\n<li>Pour am\u00e9liorer le service \u00e0 la client\u00e8le<br\/>Vos informations nous aident \u00e0 r\u00e9pondre plus efficacement \u00e0 vos demandes de service \u00e0 la client\u00e8le et \u00e0 vos besoins d&rsquo;assistance.<\/li>\n<li>Traiter les transactions<\/li>\n<li>pour g\u00e9rer un concours, une promotion, une enqu\u00eate ou une autre fonction du site<\/li>\n<li>Envoi de courriers \u00e9lectroniques p\u00e9riodiques<br\/>L&rsquo;adresse \u00e9lectronique que vous avez fournie pour le traitement de votre commande peut \u00eatre utilis\u00e9e pour vous envoyer des informations et des mises \u00e0 jour concernant votre commande, ainsi que pour recevoir occasionnellement des nouvelles de l&rsquo;entreprise, des mises \u00e0 jour, des informations sur des produits ou des services connexes, etc.<\/li>\n<\/ul>\n<p><strong>Remarque :<\/strong> si vous souhaitez \u00e0 tout moment vous d\u00e9sinscrire pour ne plus recevoir de courriers \u00e9lectroniques, vous trouverez des instructions d\u00e9taill\u00e9es de d\u00e9sinscription au bas de chaque courrier \u00e9lectronique.<\/p>\n<p><strong>Comment prot\u00e9geons-nous vos informations ?<\/strong><br\/>Nous mettons en \u0153uvre une s\u00e9rie de mesures de s\u00e9curit\u00e9 pour pr\u00e9server la s\u00e9curit\u00e9 de vos informations personnelles lorsque vous passez une commande ou que vous acc\u00e9dez \u00e0 vos informations personnelles.<\/p>\n<p>Nous vous proposons l&rsquo;utilisation d&rsquo;un serveur s\u00e9curis\u00e9. Toutes les informations sensibles\/de cr\u00e9dit fournies sont transmises via la technologie Secure Socket Layer (SSL), puis crypt\u00e9es dans la base de donn\u00e9es de nos fournisseurs de passerelles de paiement, pour n&rsquo;\u00eatre accessibles qu&rsquo;aux personnes autoris\u00e9es disposant de droits d&rsquo;acc\u00e8s sp\u00e9ciaux \u00e0 ces syst\u00e8mes et tenues de pr\u00e9server la confidentialit\u00e9 des informations.<br\/>Apr\u00e8s une transaction, vos informations priv\u00e9es (cartes de cr\u00e9dit, num\u00e9ros de s\u00e9curit\u00e9 sociale, donn\u00e9es financi\u00e8res, etc.) ne seront pas conserv\u00e9es dans nos dossiers pendant plus de 60 jours. <\/p>\n<p><strong>Utilisons-nous des cookies ?<\/strong><br\/>Oui (Les cookies sont de petits fichiers qu&rsquo;un site ou son fournisseur de services transf\u00e8re sur le disque dur de votre ordinateur par l&rsquo;interm\u00e9diaire de votre navigateur Web (si vous l&rsquo;autorisez) et qui permet aux syst\u00e8mes des sites ou des fournisseurs de services de reconna\u00eetre votre navigateur et de capturer et de m\u00e9moriser certaines informations.<\/p>\n<p>Nous utilisons des cookies pour nous aider \u00e0 m\u00e9moriser et \u00e0 traiter les articles de votre panier d&rsquo;achat, \u00e0 comprendre et \u00e0 enregistrer vos pr\u00e9f\u00e9rences pour vos prochaines visites, \u00e0 suivre les publicit\u00e9s et \u00e0 compiler des donn\u00e9es globales sur le trafic et l&rsquo;interaction avec le site afin de pouvoir offrir de meilleures exp\u00e9riences et de meilleurs outils \u00e0 l&rsquo;avenir. Nous pouvons faire appel \u00e0 des prestataires de services tiers pour nous aider \u00e0 mieux comprendre les visiteurs de notre site. Ces fournisseurs de services ne sont pas autoris\u00e9s \u00e0 utiliser les informations collect\u00e9es en notre nom, sauf pour nous aider \u00e0 mener et \u00e0 am\u00e9liorer nos activit\u00e9s.<br\/>Si vous pr\u00e9f\u00e9rez, vous pouvez choisir de faire en sorte que votre ordinateur vous avertisse chaque fois qu&rsquo;un cookie est envoy\u00e9, ou vous pouvez choisir de d\u00e9sactiver tous les cookies via les param\u00e8tres de votre navigateur. Comme pour la plupart des sites web, si vous d\u00e9sactivez les cookies, certains de nos services risquent de ne pas fonctionner correctement. Toutefois, vous pouvez toujours passer des commandes par t\u00e9l\u00e9phone ou en contactant le service client\u00e8le.    <\/p>\n<p><strong>Divulguons-nous des informations \u00e0 des tiers ?<\/strong><br\/>Nous ne vendons pas, n&rsquo;\u00e9changeons pas et ne transf\u00e9rons pas de quelque mani\u00e8re que ce soit \u00e0 des tiers vos informations personnelles identifiables. Cela n&rsquo;inclut pas les tiers de confiance qui nous aident \u00e0 exploiter notre site web, \u00e0 mener nos activit\u00e9s ou \u00e0 vous fournir des services, pour autant que ces parties acceptent de garder ces informations confidentielles. Nous pouvons \u00e9galement divulguer vos informations lorsque nous estimons qu&rsquo;il est appropri\u00e9 de le faire pour respecter la loi, appliquer les politiques de notre site ou prot\u00e9ger nos droits, notre propri\u00e9t\u00e9 ou notre s\u00e9curit\u00e9, ainsi que ceux d&rsquo;autres personnes. Toutefois, les informations non personnellement identifiables relatives aux visiteurs peuvent \u00eatre fournies \u00e0 d&rsquo;autres parties \u00e0 des fins de marketing, de publicit\u00e9 ou autres.   <\/p>\n<p><strong>Liens avec des tiers<\/strong><br\/>Occasionnellement, \u00e0 notre discr\u00e9tion, nous pouvons inclure ou offrir des produits ou services de tiers sur notre site web. Ces sites tiers ont des politiques de confidentialit\u00e9 distinctes et ind\u00e9pendantes. Nous ne sommes donc pas responsables du contenu et des activit\u00e9s de ces sites. N\u00e9anmoins, nous cherchons \u00e0 prot\u00e9ger l&rsquo;int\u00e9grit\u00e9 de notre site et nous accueillons volontiers tout retour d&rsquo;information concernant ces sites.   <\/p>\n<p><strong>Conformit\u00e9 \u00e0 la loi sur la protection de la vie priv\u00e9e en ligne<\/strong><br\/>Parce que nous attachons de l&rsquo;importance \u00e0 votre vie priv\u00e9e, nous avons pris les pr\u00e9cautions n\u00e9cessaires pour nous conformer \u00e0 la loi californienne sur la protection de la vie priv\u00e9e en ligne et \u00e0 la loi canadienne sur la protection des informations personnelles et les documents \u00e9lectroniques (PIPEDA). Par cons\u00e9quent, nous ne distribuerons pas vos informations personnelles \u00e0 des tiers sans votre consentement. <\/p>\n<p><strong>Votre consentement<\/strong><br\/>En utilisant notre site, vous acceptez la politique de confidentialit\u00e9 de notre site web et de nos sous-domaines.<\/p>\n<p><strong>Modifications de notre<\/strong> politique de confidentialit\u00e9<br\/>Si nous d\u00e9cidons de modifier notre politique de confidentialit\u00e9, nous publierons ces modifications sur cette page.<\/p>\n<p><\/p>\n<p>Derni\u00e8re mise \u00e0 jour le : 5 ao\u00fbt 2020.<\/p>\n\n\t\t<\/div>\n\t\t\t\t\t<\/div>\n\n\t\n\n<\/div>\n","protected":false},"excerpt":{"rendered":"","protected":false},"author":1,"featured_media":0,"parent":0,"menu_order":0,"comment_status":"closed","ping_status":"open","template":"","meta":{"footnotes":""},"class_list":["post-8996","page","type-page","status-publish","hentry"],"_links":{"self":[{"href":"https:\/\/tcmigration.com\/fr\/wp-json\/wp\/v2\/pages\/8996","targetHints":{"allow":["GET"]}}],"collection":[{"href":"https:\/\/tcmigration.com\/fr\/wp-json\/wp\/v2\/pages"}],"about":[{"href":"https:\/\/tcmigration.com\/fr\/wp-json\/wp\/v2\/types\/page"}],"author":[{"embeddable":true,"href":"https:\/\/tcmigration.com\/fr\/wp-json\/wp\/v2\/users\/1"}],"replies":[{"embeddable":true,"href":"https:\/\/tcmigration.com\/fr\/wp-json\/wp\/v2\/comments?post=8996"}],"version-history":[{"count":0,"href":"https:\/\/tcmigration.com\/fr\/wp-json\/wp\/v2\/pages\/8996\/revisions"}],"wp:attachment":[{"href":"https:\/\/tcmigration.com\/fr\/wp-json\/wp\/v2\/media?parent=8996"}],"curies":[{"name":"wp","href":"https:\/\/api.w.org\/{rel}","templated":true}]}}