{"id":9005,"date":"2024-11-05T23:46:11","date_gmt":"2024-11-05T23:46:11","guid":{"rendered":"https:\/\/tcmigration.com\/services\/je-suis-dans-le-petrin\/"},"modified":"2024-11-05T23:46:22","modified_gmt":"2024-11-05T23:46:22","slug":"je-suis-dans-le-petrin","status":"publish","type":"page","link":"https:\/\/tcmigration.com\/fr\/services\/je-suis-dans-le-petrin\/","title":{"rendered":"Je suis dans le p\u00e9trin"},"content":{"rendered":"\n\n  <div class=\"banner has-hover\" id=\"banner-478019871\">\n          <div class=\"banner-inner fill\">\n        <div class=\"banner-bg fill\" >\n                                                \n                    <\/div>\n\t\t\n        <div class=\"banner-layers container\">\n            <div class=\"fill banner-link\"><\/div>            \n\n   <div id=\"text-box-920640625\" class=\"text-box banner-layer x90 md-x0 lg-x0 y95 md-y95 lg-y95 res-text\">\n                                <div class=\"text-box-content text dark\">\n              \n              <div class=\"text-inner text-center\">\n                  \n\n<h1 class=\"uppercase\" style=\"text-align: left;\"><span style=\"font-size: 45%;\">Je suis dans le p\u00e9trin<\/span><\/h1>\n<p style=\"text-align: left;\">Un dossier d&rsquo;immigration troublant n\u00e9cessite des connaissances sp\u00e9cialis\u00e9es, une discussion approfondie et une approche d\u00e9taill\u00e9e pour r\u00e9soudre le probl\u00e8me.<\/p>\n\n              <\/div>\n           <\/div>\n                            \n<style>\n#text-box-920640625 {\n  width: 76%;\n}\n#text-box-920640625 .text-box-content {\n  font-size: 100%;\n}\n@media (min-width:550px) {\n  #text-box-920640625 {\n    width: 89%;\n  }\n}\n<\/style>\n    <\/div>\n \n\n        <\/div>\n      <\/div>\n\n            \n<style>\n#banner-478019871 {\n  padding-top: 250px;\n  background-color: rgb(0,0,0);\n}\n@media (min-width:550px) {\n  #banner-478019871 {\n    padding-top: 260px;\n  }\n}\n<\/style>\n  <\/div>\n\n\n\t<div id=\"gap-1582743986\" class=\"gap-element clearfix\" style=\"display:block; height:auto;\">\n\t\t\n<style>\n#gap-1582743986 {\n  padding-top: 50px;\n}\n<\/style>\n\t<\/div>\n\t\n\n<div class=\"row\"  id=\"row-1690785638\">\n\n\n\t<div id=\"col-126978877\" class=\"col medium-4 small-12 large-4 col-divided\"  >\n\t\t\t\t<div class=\"col-inner text-left\"  >\n\t\t\t\n\t\t\t\n\n<div class=\"nav-wrapper\"><ul class=\"nav nav-uppercase nav-vertical nav-simple text-left nav-left\"><p class=\"lead shortcode-error text-center\">Sorry, no pages was found<\/p><\/ul><\/div>\n\n\t<div id=\"gap-661927137\" class=\"gap-element clearfix\" style=\"display:block; height:auto;\">\n\t\t\n<style>\n#gap-661927137 {\n  padding-top: 30px;\n}\n<\/style>\n\t<\/div>\n\t\n\n<a data-animate=\"bounceInUp\" href=\"https:\/\/tcmigration.com\/book-consultation\/#detailed\" class=\"button primary is-smaller lowercase\" style=\"border-radius:4px;padding:10px 20px 10px 20px;\">\n\t\t<span>R\u00e9servez votre consultation<\/span>\n\t<\/a>\n\n\n\n\t\t<\/div>\n\t\t\t\t\t<\/div>\n\n\t\n\n\t<div id=\"col-872524631\" class=\"col medium-8 small-12 large-8\"  >\n\t\t\t\t<div class=\"col-inner\"  >\n\t\t\t\n\t\t\t\n\n\t<div class=\"img has-hover x md-x lg-x y md-y lg-y\" id=\"image_1480336269\">\n\t\t\t\t\t\t\t\t<div class=\"img-inner box-shadow-2 dark\" >\n\t\t\t<img decoding=\"async\" width=\"1020\" height=\"680\" data-src=\"https:\/\/tcmigration.com\/wp-content\/uploads\/2020\/06\/7-1024x683.jpg\" class=\"attachment-large size-large lazyload\" alt=\"I&#039;m in trouble\" data-srcset=\"https:\/\/tcmigration.com\/wp-content\/uploads\/2020\/06\/7-1024x683.jpg 1024w, https:\/\/tcmigration.com\/wp-content\/uploads\/2020\/06\/7-300x200.jpg 300w, https:\/\/tcmigration.com\/wp-content\/uploads\/2020\/06\/7-768x512.jpg 768w, https:\/\/tcmigration.com\/wp-content\/uploads\/2020\/06\/7-1536x1025.jpg 1536w, https:\/\/tcmigration.com\/wp-content\/uploads\/2020\/06\/7.jpg 2000w\" data-sizes=\"auto\" src=\"data:image\/svg+xml;base64,PHN2ZyB3aWR0aD0iMSIgaGVpZ2h0PSIxIiB4bWxucz0iaHR0cDovL3d3dy53My5vcmcvMjAwMC9zdmciPjwvc3ZnPg==\" style=\"--smush-placeholder-width: 1020px; --smush-placeholder-aspect-ratio: 1020\/680;\" data-original-sizes=\"(max-width: 1020px) 100vw, 1020px\" \/>\t\t\t\t\t\t\n\t\t\t\t\t<\/div>\n\t\t\t\t\t\t\t\t\n<style>\n#image_1480336269 {\n  width: 100%;\n}\n<\/style>\n\t<\/div>\n\t\n\n<h2>Faire face \u00e0 une proc\u00e9dure d&rsquo;immigration difficile<\/h2>\n<p>Pour ceux d&rsquo;entre vous qui pensent \u00eatre aujourd&rsquo;hui sans statut en raison de l&rsquo;expiration d&rsquo;un document de non-immigrant ou d&rsquo;immigrant, la premi\u00e8re chose \u00e0 faire est de demander l&rsquo;aide d&rsquo;un professionnel pour identifier le probl\u00e8me et savoir si vous \u00eates inadmissible, s&rsquo;il y a des exemptions ou des recours administratifs applicables pour vous rendre \u00e0 nouveau l\u00e9gal.<\/p>\n<p>Les ant\u00e9c\u00e9dents troublants en mati\u00e8re d&rsquo;immigration n\u00e9cessitent des connaissances sp\u00e9cialis\u00e9es, une discussion approfondie et une approche d\u00e9taill\u00e9e pour r\u00e9soudre le probl\u00e8me. Ces consultations\/r\u00e9unions durent plus longtemps que la moyenne afin de trouver les \u00ab\u00a0points d&rsquo;accroche\u00a0\u00bb de votre dossier qui justifient des recours, en particulier ceux qui sont fond\u00e9s sur des motifs humanitaires. TCM a beaucoup travaill\u00e9 sur des cas complexes au Canada et \u00e0 l&rsquo;\u00e9tranger et a obtenu des r\u00e9sultats positifs pour des clients \u00e0 qui d&rsquo;autres avocats et praticiens avaient dit que leur cas \u00e9tait sans espoir.  <\/p>\n<p class=\"lead\">Voici quelques exemples de services de d\u00e9pannage :<\/p>\n<ul>\n<li>R\u00e9examen d&rsquo;un refus<\/li>\n<li>  R\u00e9tablissement du statut<\/li>\n<li>Permis de s\u00e9jour temporaire<\/li>\n<li>En situation irr\u00e9guli\u00e8re au Canada<\/li>\n<li>En situation irr\u00e9guli\u00e8re dans un pays tiers<\/li>\n<li>\u00c9tudiants \u00e9trangers &#8211; Perte de la source de financement<\/li>\n<li>\u00c9tudiant \u00e9tranger &#8211; Absence \u00e0 l&rsquo;\u00e9cole<\/li>\n<li>Interdiction de territoire pour motif p\u00e9nal (mineur ou grave)<\/li>\n<li>Inadmissibilit\u00e9 m\u00e9dicale<\/li>\n<li>Violation de l&rsquo;obligation de r\u00e9sidence permanente<\/li>\n<li>Travailler ill\u00e9galement<\/li>\n<li>Violence conjugale<\/li>\n<li>Autre<\/li>\n<\/ul>\n<p>Pour plus d&rsquo;informations sur des exemples de situations de d\u00e9pannage, <a href=\"https:\/\/tcmigration.com\/opinion-center\/\">cliquez ici pour acc\u00e9der \u00e0 notre centre d&rsquo;avis.<\/a><\/p>\n\n\t\t<\/div>\n\t\t\t\t\t<\/div>\n\n\t\n\n<\/div>\n\t<div id=\"gap-1008185650\" class=\"gap-element clearfix\" style=\"display:block; height:auto;\">\n\t\t\n<style>\n#gap-1008185650 {\n  padding-top: 75px;\n}\n<\/style>\n\t<\/div>\n\t\n\n\n","protected":false},"excerpt":{"rendered":"","protected":false},"author":1,"featured_media":0,"parent":8980,"menu_order":0,"comment_status":"closed","ping_status":"closed","template":"page-transparent-header.php","meta":{"footnotes":""},"class_list":["post-9005","page","type-page","status-publish","hentry"],"_links":{"self":[{"href":"https:\/\/tcmigration.com\/fr\/wp-json\/wp\/v2\/pages\/9005","targetHints":{"allow":["GET"]}}],"collection":[{"href":"https:\/\/tcmigration.com\/fr\/wp-json\/wp\/v2\/pages"}],"about":[{"href":"https:\/\/tcmigration.com\/fr\/wp-json\/wp\/v2\/types\/page"}],"author":[{"embeddable":true,"href":"https:\/\/tcmigration.com\/fr\/wp-json\/wp\/v2\/users\/1"}],"replies":[{"embeddable":true,"href":"https:\/\/tcmigration.com\/fr\/wp-json\/wp\/v2\/comments?post=9005"}],"version-history":[{"count":0,"href":"https:\/\/tcmigration.com\/fr\/wp-json\/wp\/v2\/pages\/9005\/revisions"}],"up":[{"embeddable":true,"href":"https:\/\/tcmigration.com\/fr\/wp-json\/wp\/v2\/pages\/8980"}],"wp:attachment":[{"href":"https:\/\/tcmigration.com\/fr\/wp-json\/wp\/v2\/media?parent=9005"}],"curies":[{"name":"wp","href":"https:\/\/api.w.org\/{rel}","templated":true}]}}