{"id":9009,"date":"2024-11-05T23:46:15","date_gmt":"2024-11-05T23:46:15","guid":{"rendered":"https:\/\/tcmigration.com\/services\/diplomates-et-representants-etrangers\/"},"modified":"2024-11-06T14:07:24","modified_gmt":"2024-11-06T14:07:24","slug":"diplomates-et-representants-etrangers","status":"publish","type":"page","link":"https:\/\/tcmigration.com\/fr\/services\/diplomates-et-representants-etrangers\/","title":{"rendered":"Diplomates et repr\u00e9sentants \u00e9trangers"},"content":{"rendered":"\n\n  <div class=\"banner has-hover\" id=\"banner-1548015240\">\n          <div class=\"banner-inner fill\">\n        <div class=\"banner-bg fill\" >\n                                                \n                    <\/div>\n\t\t\n        <div class=\"banner-layers container\">\n            <div class=\"fill banner-link\"><\/div>            \n\n   <div id=\"text-box-1726357788\" class=\"text-box banner-layer x100 md-x0 lg-x0 y95 md-y85 lg-y85 res-text\">\n                                <div class=\"text-box-content text dark\">\n              \n              <div class=\"text-inner text-center\">\n                  \n\n<h1 class=\"uppercase\" style=\"text-align: left;\"><span style=\"font-size: 45%;\">Diplomates et repr\u00e9sentants \u00e9trangers<\/span><\/h1>\n<p style=\"text-align: left;\">Le Canada appr\u00e9cie le travail des diplomates et des repr\u00e9sentants \u00e9trangers et attribue \u00e0 leur statut professionnel des opportunit\u00e9s nationales.<\/p>\n\n              <\/div>\n           <\/div>\n                            \n<style>\n#text-box-1726357788 {\n  width: 86%;\n}\n#text-box-1726357788 .text-box-content {\n  font-size: 100%;\n}\n@media (min-width:550px) {\n  #text-box-1726357788 {\n    width: 100%;\n  }\n}\n<\/style>\n    <\/div>\n \n\n        <\/div>\n      <\/div>\n\n            \n<style>\n#banner-1548015240 {\n  padding-top: 250px;\n  background-color: rgb(0,0,0);\n}\n@media (min-width:550px) {\n  #banner-1548015240 {\n    padding-top: 260px;\n  }\n}\n<\/style>\n  <\/div>\n\n\n\t<div id=\"gap-43215461\" class=\"gap-element clearfix\" style=\"display:block; height:auto;\">\n\t\t\n<style>\n#gap-43215461 {\n  padding-top: 50px;\n}\n<\/style>\n\t<\/div>\n\t\n\n<div class=\"row\"  id=\"row-1810152729\">\n\n\n\t<div id=\"col-174908202\" class=\"col medium-4 small-12 large-4 col-divided\"  >\n\t\t\t\t<div class=\"col-inner text-left\"  >\n\t\t\t\n\t\t\t\n\n<div class=\"nav-wrapper\"><ul class=\"nav nav-uppercase nav-vertical nav-simple text-left nav-left\"><p class=\"lead shortcode-error text-center\">Sorry, no pages was found<\/p><\/ul><\/div>\n\n\t<div id=\"gap-2046992794\" class=\"gap-element clearfix\" style=\"display:block; height:auto;\">\n\t\t\n<style>\n#gap-2046992794 {\n  padding-top: 30px;\n}\n<\/style>\n\t<\/div>\n\t\n\n<a data-animate=\"bounceInUp\" href=\"https:\/\/tcmigration.com\/fr\/reservez-votre-consultation\/#detailed\" class=\"button primary is-smaller lowercase\" style=\"border-radius:4px;padding:10px 20px 10px 20px;\">\n\t\t<span>R\u00e9servez votre consultation<\/span>\n\t<\/a>\n\n\n\n\t\t<\/div>\n\t\t\t\t\t<\/div>\n\n\t\n\n\t<div id=\"col-51710269\" class=\"col medium-8 small-12 large-8\"  >\n\t\t\t\t<div class=\"col-inner\"  >\n\t\t\t\n\t\t\t\n\n\t<div class=\"img has-hover x md-x lg-x y md-y lg-y\" id=\"image_737258798\">\n\t\t\t\t\t\t\t\t<div class=\"img-inner box-shadow-2 dark\" >\n\t\t\t<img decoding=\"async\" width=\"1020\" height=\"680\" data-src=\"https:\/\/tcmigration.com\/wp-content\/uploads\/2020\/06\/6-1024x683.jpg\" class=\"attachment-large size-large lazyload\" alt=\"Diplomats and Foreign Representatives\" data-srcset=\"https:\/\/tcmigration.com\/wp-content\/uploads\/2020\/06\/6-1024x683.jpg 1024w, https:\/\/tcmigration.com\/wp-content\/uploads\/2020\/06\/6-300x200.jpg 300w, https:\/\/tcmigration.com\/wp-content\/uploads\/2020\/06\/6-768x512.jpg 768w, https:\/\/tcmigration.com\/wp-content\/uploads\/2020\/06\/6-1536x1025.jpg 1536w, https:\/\/tcmigration.com\/wp-content\/uploads\/2020\/06\/6.jpg 2000w\" data-sizes=\"auto\" src=\"data:image\/svg+xml;base64,PHN2ZyB3aWR0aD0iMSIgaGVpZ2h0PSIxIiB4bWxucz0iaHR0cDovL3d3dy53My5vcmcvMjAwMC9zdmciPjwvc3ZnPg==\" style=\"--smush-placeholder-width: 1020px; --smush-placeholder-aspect-ratio: 1020\/680;\" data-original-sizes=\"(max-width: 1020px) 100vw, 1020px\" \/>\t\t\t\t\t\t\n\t\t\t\t\t<\/div>\n\t\t\t\t\t\t\t\t\n<style>\n#image_737258798 {\n  width: 100%;\n}\n<\/style>\n\t<\/div>\n\t\n\n<h2>Possibilit\u00e9s de s\u00e9jour au Canada pour les diplomates et les repr\u00e9sentants de gouvernements \u00e9trangers<\/h2>\n<p>Le Canada appr\u00e9cie le travail des diplomates et des repr\u00e9sentants \u00e9trangers et attribue \u00e0 leur statut professionnel des opportunit\u00e9s nationales. Il s&rsquo;agit d&rsquo;un domaine sp\u00e9cialis\u00e9 de la pratique de l&rsquo;immigration, dans lequel TCM a beaucoup travaill\u00e9. <\/p>\n<p><strong>Bien que chaque cas impliquant des diplomates et des repr\u00e9sentants de gouvernements \u00e9trangers pr\u00e9sente des conditions particuli\u00e8res, nous nous int\u00e9ressons fr\u00e9quemment \u00e0 ces domaines :<\/strong><\/p>\n<ul>\n<li>Programmes de r\u00e9sidence permanente<\/li>\n<li>R\u00e9sidence permanente &#8211; Demandes au titre de la cat\u00e9gorie de l&rsquo;exp\u00e9rience canadienne<\/li>\n<li>R\u00e9sidence permanente &#8211; Demandes au titre de la cat\u00e9gorie des travailleurs qualifi\u00e9s \u00e9trangers<\/li>\n<li>D\u00e9termination de l&rsquo;\u00e9ligibilit\u00e9 \u00e0 l&rsquo;exigence d&rsquo;exp\u00e9rience de travail au Canada<\/li>\n<li>Options offertes aux personnes travaillant \u00e0 l&rsquo;\u00e9tranger<\/li>\n<li>Options offertes aux personnes travaillant au Canada<\/li>\n<li>Options offertes aux enfants \u00e0 charge et aux conjoints des diplomates et des repr\u00e9sentants de gouvernements \u00e9trangers travaillant au Canada et \u00e0 l&rsquo;\u00e9tranger<\/li>\n<li>Exigences en mati\u00e8re de permis de travail<\/li>\n<li>Conditions d&rsquo;obtention du statut de r\u00e9sident temporaire<\/li>\n<\/ul>\n<p>Pour plus d&rsquo;informations sur les diplomates et les repr\u00e9sentants de gouvernements \u00e9trangers, <a href=\"https:\/\/tcmigration.com\/fr\/centre-dopinion\/\">cliquez ici pour acc\u00e9der \u00e0 notre centre d&rsquo;opinion.<\/a><\/p>\n\n\t\t<\/div>\n\t\t\t\t\t<\/div>\n\n\t\n\n<\/div>\n\t<div id=\"gap-719983\" class=\"gap-element clearfix\" style=\"display:block; height:auto;\">\n\t\t\n<style>\n#gap-719983 {\n  padding-top: 75px;\n}\n<\/style>\n\t<\/div>\n\t\n\n\n","protected":false},"excerpt":{"rendered":"","protected":false},"author":1,"featured_media":0,"parent":8980,"menu_order":0,"comment_status":"closed","ping_status":"closed","template":"page-transparent-header.php","meta":{"footnotes":""},"class_list":["post-9009","page","type-page","status-publish","hentry"],"_links":{"self":[{"href":"https:\/\/tcmigration.com\/fr\/wp-json\/wp\/v2\/pages\/9009","targetHints":{"allow":["GET"]}}],"collection":[{"href":"https:\/\/tcmigration.com\/fr\/wp-json\/wp\/v2\/pages"}],"about":[{"href":"https:\/\/tcmigration.com\/fr\/wp-json\/wp\/v2\/types\/page"}],"author":[{"embeddable":true,"href":"https:\/\/tcmigration.com\/fr\/wp-json\/wp\/v2\/users\/1"}],"replies":[{"embeddable":true,"href":"https:\/\/tcmigration.com\/fr\/wp-json\/wp\/v2\/comments?post=9009"}],"version-history":[{"count":0,"href":"https:\/\/tcmigration.com\/fr\/wp-json\/wp\/v2\/pages\/9009\/revisions"}],"up":[{"embeddable":true,"href":"https:\/\/tcmigration.com\/fr\/wp-json\/wp\/v2\/pages\/8980"}],"wp:attachment":[{"href":"https:\/\/tcmigration.com\/fr\/wp-json\/wp\/v2\/media?parent=9009"}],"curies":[{"name":"wp","href":"https:\/\/api.w.org\/{rel}","templated":true}]}}