{"id":9034,"date":"2024-11-05T23:46:40","date_gmt":"2024-11-05T23:46:40","guid":{"rendered":"https:\/\/tcmigration.com\/mentions-legales\/"},"modified":"2024-11-06T05:16:26","modified_gmt":"2024-11-06T05:16:26","slug":"mentions-legales","status":"publish","type":"page","link":"https:\/\/tcmigration.com\/fr\/mentions-legales\/","title":{"rendered":"Mentions l\u00e9gales"},"content":{"rendered":"\n<div class=\"row\"  id=\"row-78896660\">\n\n\n\t<div id=\"col-9431309\" class=\"col small-12 large-12\"  >\n\t\t\t\t<div class=\"col-inner\"  >\n\t\t\t\n\t\t\t\n\n\t<div id=\"gap-513410049\" class=\"gap-element clearfix\" style=\"display:block; height:auto;\">\n\t\t\n<style>\n#gap-513410049 {\n  padding-top: 60px;\n}\n<\/style>\n\t<\/div>\n\t\n\n<h1><span style=\"font-size: 130%;\">Mentions l\u00e9gales<\/span><\/h1>\n<p>Les renseignements contenus dans ce site Web sont fournis \u00e0 titre d&rsquo;information g\u00e9n\u00e9rale seulement et ne permettent en aucun cas d&rsquo;\u00e9valuer l&rsquo;admissibilit\u00e9 d&rsquo;une personne \u00e0 la citoyennet\u00e9 canadienne ou \u00e0 l&rsquo;immigration. Aucun \u00e9l\u00e9ment contenu dans ce site Web, dans les messages \u00e9lectroniques ou dans toute autre correspondance envoy\u00e9e par les bureaux de Trans-Continental Migration Inc. ne doit \u00eatre consid\u00e9r\u00e9 comme un conseil juridique ou professionnel. Les conseils professionnels sont fournis en vertu d&rsquo;un mandat de repr\u00e9sentation \u00e9crit et sign\u00e9.  <\/p>\n<p>Trans-Continental Migration Inc. n&rsquo;accepte aucune responsabilit\u00e9 pour toute perte ou tout dommage r\u00e9sultant de l&rsquo;utilisation ou de la confiance accord\u00e9e aux informations g\u00e9n\u00e9rales contenues sur son site web et n&rsquo;assume aucune responsabilit\u00e9 juridique ou responsabilit\u00e9 quant \u00e0 l&rsquo;exactitude ou \u00e0 l&rsquo;exhaustivit\u00e9 de ces informations.<\/p>\n<p> <\/p>\n\n\t\t<\/div>\n\t\t\t\t\t<\/div>\n\n\t\n\n<\/div>\n\n","protected":false},"excerpt":{"rendered":"","protected":false},"author":1,"featured_media":0,"parent":0,"menu_order":0,"comment_status":"closed","ping_status":"open","template":"","meta":{"footnotes":""},"class_list":["post-9034","page","type-page","status-publish","hentry"],"_links":{"self":[{"href":"https:\/\/tcmigration.com\/fr\/wp-json\/wp\/v2\/pages\/9034","targetHints":{"allow":["GET"]}}],"collection":[{"href":"https:\/\/tcmigration.com\/fr\/wp-json\/wp\/v2\/pages"}],"about":[{"href":"https:\/\/tcmigration.com\/fr\/wp-json\/wp\/v2\/types\/page"}],"author":[{"embeddable":true,"href":"https:\/\/tcmigration.com\/fr\/wp-json\/wp\/v2\/users\/1"}],"replies":[{"embeddable":true,"href":"https:\/\/tcmigration.com\/fr\/wp-json\/wp\/v2\/comments?post=9034"}],"version-history":[{"count":0,"href":"https:\/\/tcmigration.com\/fr\/wp-json\/wp\/v2\/pages\/9034\/revisions"}],"wp:attachment":[{"href":"https:\/\/tcmigration.com\/fr\/wp-json\/wp\/v2\/media?parent=9034"}],"curies":[{"name":"wp","href":"https:\/\/api.w.org\/{rel}","templated":true}]}}