{"id":8960,"date":"2024-11-05T23:44:01","date_gmt":"2024-11-05T23:44:01","guid":{"rendered":"https:\/\/tcmigration.com\/prenota-la-tua-consulenza\/"},"modified":"2024-11-05T23:44:15","modified_gmt":"2024-11-05T23:44:15","slug":"prenota-la-tua-consulenza","status":"publish","type":"page","link":"https:\/\/tcmigration.com\/it\/prenota-la-tua-consulenza\/","title":{"rendered":"Prenota la tua consulenza"},"content":{"rendered":"\n  <div class=\"banner has-hover\" id=\"banner-1519468064\">\n          <div class=\"banner-inner fill\">\n        <div class=\"banner-bg fill\" >\n                                                \n                    <\/div>\n\t\t\n        <div class=\"banner-layers container\">\n            <div class=\"fill banner-link\"><\/div>            \n   <div id=\"text-box-1310344438\" class=\"text-box banner-layer x15 md-x0 lg-x0 y85 md-y85 lg-y85 res-text\">\n                                <div class=\"text-box-content text dark\">\n              \n              <div class=\"text-inner text-center\">\n                  \n<p class=\"uppercase\" style=\"text-align: left;\"><span style=\"font-size: 160%;\"><strong>Ti ci portiamo noi.  <\/strong><\/span><\/p>\n<p style=\"text-align: left;\">Iniziamo con una <strong><u><a href=\"https:\/\/tcmigration.com\/it\/?page_id=8960#detailed\">valutazione dettagliata<\/a><\/u><\/strong> della tua situazione.  <\/p>\n              <\/div>\n           <\/div>\n                            \n<style>\n#text-box-1310344438 {\n  width: 80%;\n}\n#text-box-1310344438 .text-box-content {\n  font-size: 100%;\n}\n@media (min-width:550px) {\n  #text-box-1310344438 {\n    width: 56%;\n  }\n}\n<\/style>\n    <\/div>\n \n        <\/div>\n      <\/div>\n\n            \n<style>\n#banner-1519468064 {\n  padding-top: 260px;\n  background-color: rgb(0,0,0);\n}\n<\/style>\n  <\/div>\n\n\n<span class=\"scroll-to\" data-label=\"Scroll to: #introductory\" data-bullet=\"true\" data-link=\"#introductory\" data-title=\"Introductory Phone Call\"><a name=\"introductory\"><\/a><\/span>\n<div class=\"row row-small row-full-width align-middle\"  id=\"row-1257408730\">\n\n\t<div id=\"col-485527370\" class=\"col medium-5 small-12 large-5\"  >\n\t\t\t\t<div class=\"col-inner text-left\"  >\n\t\t\t\n\t\t\t\n\t<div class=\"img has-hover x md-x lg-x y md-y lg-y\" id=\"image_1228690639\">\n\t\t\t\t\t\t\t\t<div class=\"img-inner dark\" >\n\t\t\t<img decoding=\"async\" width=\"1020\" height=\"673\" data-src=\"https:\/\/tcmigration.com\/wp-content\/uploads\/2020\/09\/Elda_Sarte-Nose_3-1024x676.jpg\" class=\"attachment-large size-large lazyload\" alt=\"Elda Sarte-Nos\u00e9\" data-srcset=\"https:\/\/tcmigration.com\/wp-content\/uploads\/2020\/09\/Elda_Sarte-Nose_3-1024x676.jpg 1024w, https:\/\/tcmigration.com\/wp-content\/uploads\/2020\/09\/Elda_Sarte-Nose_3-300x198.jpg 300w, https:\/\/tcmigration.com\/wp-content\/uploads\/2020\/09\/Elda_Sarte-Nose_3-768x507.jpg 768w, https:\/\/tcmigration.com\/wp-content\/uploads\/2020\/09\/Elda_Sarte-Nose_3.jpg 1200w\" data-sizes=\"auto\" src=\"data:image\/svg+xml;base64,PHN2ZyB3aWR0aD0iMSIgaGVpZ2h0PSIxIiB4bWxucz0iaHR0cDovL3d3dy53My5vcmcvMjAwMC9zdmciPjwvc3ZnPg==\" style=\"--smush-placeholder-width: 1020px; --smush-placeholder-aspect-ratio: 1020\/673;\" data-original-sizes=\"(max-width: 1020px) 100vw, 1020px\" \/>\t\t\t\t\t\t\n\t\t\t\t\t<\/div>\n\t\t\t\t\t\t\t\t\n<style>\n#image_1228690639 {\n  width: 100%;\n}\n<\/style>\n\t<\/div>\n\t\n\t\t<\/div>\n\t\t\t\t\t<\/div>\n\n\t\n\n\t<div id=\"col-1534708047\" class=\"col medium-7 small-12 large-7\"  >\n\t\t\t\t<div class=\"col-inner\"  >\n\t\t\t\n\t\t\t\n<h2>Prenota una consulenza online con noi<\/h2>\n<p>Devi avere fiducia nel tuo fornitore di servizi di immigrazione. Devi essere impressionato dall&#8217;attenzione ai dettagli con cui gestisce il caso. Devi avere questa certezza perch\u00e9 l&#8217;esito del tuo caso \u00e8 nelle loro mani.  <\/p>\n<p>Capiamo la pressione che senti per prendere la decisione giusta e vogliamo aiutarti.<\/p>\n<p>Il nostro obiettivo \u00e8 quello di migliorare la tua posizione in tutto ci\u00f2 che facciamo e per farlo lavoriamo nel modo pi\u00f9 efficiente possibile. La tua consulenza dettagliata non fa eccezione a questa regola. <\/p>\n<p><b>Puoi chiamarci al numero <\/b><a style=\"font-weight: bold;\" href=\"tel:+1%20(613)%20757-1109\">+1 (613) 757-1109<\/a><b> per una rapida presentazione, oppure, se sei pronto, scarica il PDF compilabile qui sotto e compila il modulo di consulenza dettagliata per iniziare.<\/b><\/p>\n<p><span style=\"color: #ff0000;\"><strong>Nota bene<\/strong>: non forniamo consulenze gratuite di un&#8217;ora.<\/span><\/p>\n<a href=\"https:\/\/tcmigration.com\/wp-content\/uploads\/2020\/11\/Background-Information-fillable-Form.pdf\" target=\"_blank\" class=\"button alert is-smaller\" rel=\"noopener\" >\n\t\t<span>Informazioni di base (PDF compilabile)<\/span>\n\t<\/a>\n\n<a href=\"https:\/\/tcmigration.com\/wp-content\/uploads\/2020\/11\/Travel-History-Fillable-Form.pdf\" target=\"_blank\" class=\"button alert is-smaller\" rel=\"noopener\" >\n\t\t<span>Storia del viaggio (PDF compilabile)<\/span>\n\t<\/a>\n\n\t\t<\/div>\n\t\t\t\t\n<style>\n#col-1534708047 > .col-inner {\n  padding: 30px 20px 0px 20px;\n}\n<\/style>\n\t<\/div>\n\n\t\n<\/div>\n<span class=\"scroll-to\" data-label=\"Scroll to: #detailed\" data-bullet=\"true\" data-link=\"#detailed\" data-title=\"Detailed Consultation\"><a name=\"detailed\"><\/a><\/span>\n\t<div id=\"gap-473602584\" class=\"gap-element clearfix\" style=\"display:block; height:auto;\">\n\t\t\n<style>\n#gap-473602584 {\n  padding-top: 40px;\n}\n<\/style>\n\t<\/div>\n\t\n<div class=\"row\"  id=\"row-95050754\">\n\n\t<div id=\"col-470204006\" class=\"col medium-5 small-12 large-5 col-divided\"  >\n\t\t\t\t<div class=\"col-inner text-center\"  >\n\t\t\t\n\t\t\t\n<h1 style=\"text-align: left;\">Consultazione dettagliata<\/h1>\n<p style=\"text-align: left;\">Per massimizzare il valore e ottenere il massimo dalla tua consulenza di valutazione, ti verranno chieste copie della documentazione relativa alla tua storia di immigrazione. Tutte le informazioni raccolte saranno esaminate prima del nostro colloquio di valutazione. <\/p>\n<p style=\"text-align: left;\">Tu conosci meglio la tua storia, ma noi sappiamo quali domande fare per portare alla luce la tua storia. Insieme troveremo il &#8220;gancio&#8221;, ovvero quel dettaglio della tua storia che ti contraddistingue e sul quale possiamo fondare un caso solido. La maggior parte delle consulenze dura circa un&#8217;ora, o comunque fino a quando non si raggiunge un&#8217;opinione informata sulle tue possibilit\u00e0 di successo.  <\/p>\n<p style=\"text-align: left;\">Se i risultati indicano che non sei idoneo a nessuno dei programmi di immigrazione, discuteremo della tua idoneit\u00e0 a ricevere una considerazione umanitaria e compassionevole. Se i risultati indicano che non sei idoneo n\u00e9 per i programmi tradizionali n\u00e9 per quelli umanitari, il TCM te lo dir\u00e0 seriamente, perch\u00e9 non \u00e8 nostra intenzione vendere false speranze. Rispettiamo il tuo diritto a un&#8217;opinione onesta.  <\/p>\n<p style=\"text-align: left;\">Se i risultati indicano che sei idoneo a portare avanti la tua posizione, discuteremo insieme i passi successivi. Siamo generosi con il nostro tempo e facciamo del nostro meglio per adattarci ai diversi fusi orari e alle tecnologie di comunicazione preferite. <\/p>\n\t<div id=\"gap-267470742\" class=\"gap-element clearfix\" style=\"display:block; height:auto;\">\n\t\t\n<style>\n#gap-267470742 {\n  padding-top: 60px;\n}\n<\/style>\n\t<\/div>\n\t\n\t<div class=\"img has-hover x md-x lg-x y md-y lg-y\" id=\"image_989550766\">\n\t\t\t\t\t\t\t\t<div class=\"img-inner dark\" >\n\t\t\t<img decoding=\"async\" width=\"270\" height=\"101\" data-src=\"https:\/\/tcmigration.com\/wp-content\/uploads\/2020\/08\/ssl-credit-cards-secure.png\" class=\"attachment-large size-large lazyload\" alt=\"Secure Transactions\" src=\"data:image\/svg+xml;base64,PHN2ZyB3aWR0aD0iMSIgaGVpZ2h0PSIxIiB4bWxucz0iaHR0cDovL3d3dy53My5vcmcvMjAwMC9zdmciPjwvc3ZnPg==\" style=\"--smush-placeholder-width: 270px; --smush-placeholder-aspect-ratio: 270\/101;\" \/>\t\t\t\t\t\t\n\t\t\t\t\t<\/div>\n\t\t\t\t\t\t\t\t\n<style>\n#image_989550766 {\n  width: 70%;\n}\n<\/style>\n\t<\/div>\n\t\n\t\t<\/div>\n\t\t\t\t\t<\/div>\n\n\t\n\n\t<div id=\"col-800424084\" class=\"col medium-7 small-12 large-7\"  >\n\t\t\t\t<div class=\"col-inner\"  >\n\t\t\t\n\t\t\t\n<form id=\"forminator-module-505\" class=\"forminator-custom-form forminator-custom-form-505\" method=\"post\" data-forminator-render=\"0\" data-uid=\"69d55a5ff2d28\"><div role=\"alert\" aria-live=\"polite\" class=\"forminator-response-message forminator-error\" aria-hidden=\"true\"><\/div><\/form>\n\t\t<\/div>\n\t\t\t\t\t<\/div>\n\n\t\n<\/div>\n\t<div id=\"gap-1410435416\" class=\"gap-element clearfix\" style=\"display:block; height:auto;\">\n\t\t\n<style>\n#gap-1410435416 {\n  padding-top: 75px;\n}\n<\/style>\n\t<\/div>\n\t\n","protected":false},"excerpt":{"rendered":"","protected":false},"author":1,"featured_media":0,"parent":0,"menu_order":0,"comment_status":"closed","ping_status":"closed","template":"page-transparent-header.php","meta":{"footnotes":""},"class_list":["post-8960","page","type-page","status-publish","hentry"],"_links":{"self":[{"href":"https:\/\/tcmigration.com\/it\/wp-json\/wp\/v2\/pages\/8960","targetHints":{"allow":["GET"]}}],"collection":[{"href":"https:\/\/tcmigration.com\/it\/wp-json\/wp\/v2\/pages"}],"about":[{"href":"https:\/\/tcmigration.com\/it\/wp-json\/wp\/v2\/types\/page"}],"author":[{"embeddable":true,"href":"https:\/\/tcmigration.com\/it\/wp-json\/wp\/v2\/users\/1"}],"replies":[{"embeddable":true,"href":"https:\/\/tcmigration.com\/it\/wp-json\/wp\/v2\/comments?post=8960"}],"version-history":[{"count":0,"href":"https:\/\/tcmigration.com\/it\/wp-json\/wp\/v2\/pages\/8960\/revisions"}],"wp:attachment":[{"href":"https:\/\/tcmigration.com\/it\/wp-json\/wp\/v2\/media?parent=8960"}],"curies":[{"name":"wp","href":"https:\/\/api.w.org\/{rel}","templated":true}]}}